{"id":181,"date":"2019-10-01T11:21:39","date_gmt":"2019-10-01T09:21:39","guid":{"rendered":"http:\/\/www.chromatique.net\/?page_id=181"},"modified":"2019-10-01T11:21:39","modified_gmt":"2019-10-01T09:21:39","slug":"mentions-legales","status":"publish","type":"page","link":"https:\/\/www.chromatique.net\/index.php\/mentions-legales\/","title":{"rendered":"Mentions l\u00e9gales"},"content":{"rendered":"\n<p>Le site web Chromatique.net est \u00e9dit\u00e9 sur Internet<br> par l&rsquo;association (loi 1901) dont la d\u00e9nomination est :<br><strong> CHROMATIQUE<\/strong><br><br> Adresse du si\u00e8ge social :<br> Chromatique.net<br>c\/o Jean-Philippe Haas<br>35 rue de Ribeauvill\u00e9<br>67100 STRASBOURG<br>France<br><br> Contact : contact @ chromatique.net<br> T\u00e9l\u00e9phone : 33 (0) 6 86 44 58 44 <br><br> Directeur de la publication (selon l\u2019article 93-2 de la loi n\u00b082-625 du 29 juillet 1982) :<br><strong> Jean-Philippe HAAS<\/strong><\/p>\n\n\n\n<p> H\u00e9bergeur du site web :<br> SAS OVH<br> 140 quai du Sartel<br> 59100 Roubaix<br> France<br><br>\n L&rsquo;\u00e9dition d&rsquo;informations en ligne ob\u00e9it aux m\u00eames r\u00e8gles l\u00e9gales que \nl&rsquo;\u00e9dition traditionnelle. Le contenu du site est donc r\u00e9gi par la Loi \nqui conf\u00e8re au lecteur divers droits et devoirs. L&rsquo;\u00e9diteur du site \ns&rsquo;engage \u00e0 respecter scrupuleusement les r\u00e8gles \u00e9ditoriales en vigueur :<br> &#8211; Disposer du droit de diffuser sur son site le contenu propos\u00e9<br> &#8211; Faire tout son possible pour v\u00e9rifier la validit\u00e9 des informations port\u00e9es \u00e0 la connaissance du public<br> &#8211; Respecter les r\u00e8gles de d\u00e9ontologie journalistique en vigueur<br> &#8211; Ne porter atteinte ni \u00e0 la libert\u00e9, ni aux droits et \u00e0 la dignit\u00e9 de la personne<br> &#8211; Informer le lecteur de la nature \u00e9ditoriale ou publicitaire des contenus propos\u00e9s<br> &#8211; Autoriser le lecteur \u00e0 imprimer tout ou partie du contenu propos\u00e9 sur le site pour son usage strictement personnel.<br><br>\n Afin de vous permettre de profiter pleinement de notre site, nous vous \ninformons des obligations l\u00e9gales li\u00e9es \u00e0 l&rsquo;utilisation de nos services.<br><br>\n Nous vous prions de lire attentivement les pr\u00e9sentes Conditions \nd\u2019Utilisation du Site de l\u2019association Chromatique (qui incluent la \nCharte relative \u00e0 la protection des donn\u00e9es personnelles et \u00e0 la vie \npriv\u00e9e).<br> En utilisant ce site, dont l&rsquo;URL d&rsquo;acc\u00e8s est \nwww.chromatique.net (ci-apr\u00e8s d\u00e9nomm\u00e9 \u00ab\u00a0le Site\u00a0\u00bb), vous vous engagez \u00e0 \nrespecter les pr\u00e9sentes Conditions d&rsquo;Utilisation.<br><br> Dans les \npr\u00e9sentes Conditions d&rsquo;Utilisation du Site, les termes \n\u00ab\u00a0Chromatique.net\u00a0\u00bb, \u00ab\u00a0nous\u00a0\u00bb, \u00ab\u00a0notre\u00a0\u00bb et \u00ab\u00a0nos\u00a0\u00bb se rapportent au Site et au \npropri\u00e9taire exclusif et op\u00e9rateur du Site, Chromatique.<br><br><strong> 1. Utilisation du Contenu du Site<\/strong><br>\n 1.1 Les informations, les oeuvres, les textes, le contenu audio et\/ou \naudiovisuel, les images, les logiciels et tous les autres \u00e9l\u00e9ments de \npropri\u00e9t\u00e9 intellectuelle (ci-apr\u00e8s conjointement d\u00e9nomm\u00e9s \u00ab\u00a0le Contenu\u00a0\u00bb) \nfigurant sur le Site sont prot\u00e9g\u00e9s par le droit d&rsquo;auteur et par la \nl\u00e9gislation internationale. Vous ne pouvez acc\u00e9der et utiliser le \nContenu qu&rsquo;\u00e0 des fins personnelles ou p\u00e9dagogiques, ou telles \nqu&rsquo;express\u00e9ment pr\u00e9cis\u00e9es dans les conditions d&rsquo;utilisation sp\u00e9cifiques \nau service concern\u00e9. Vous ne pouvez reproduire, distribuer, ex\u00e9cuter \npubliquement, exposer publiquement, modifier ou cr\u00e9er des oeuvres \nd\u00e9riv\u00e9es du Contenu \u00e0 des fins commerciales, sauf autorisation pr\u00e9alable\n du titulaire desdits droits.<br><br> 1.2 Si vous reproduisez le \nContenu situ\u00e9 sur le Site, vous devez inclure sur toutes les copies \ntoute notification de copyright figurant initialement dans le Contenu. \nVous ne pouvez vous connecter directement \u00e0 tout fichier m\u00e9dia situ\u00e9 sur\n nos serveurs, voire tenter de faire passer un ou plusieurs \u00e9l\u00e9ments du \nContenu comme si ces derniers \u00e9taient issus de votre propre travail. \nTout logiciel t\u00e9l\u00e9chargeable ou disponible sur le Site est soumis aux \ntermes et conditions du contrat de licence y aff\u00e9rent.<br><br> 1.3 \nAucune utilisation d&rsquo;un quelconque du logo ou de la marque de \nChromatique ne pourra \u00eatre faite sans notre autorisation expresse et \npr\u00e9alable.<br><br><strong> 2. Sites connect\u00e9s au Site Chromatique.net<\/strong><br>\n Les liens hypertextes mis en place sur le Site vers des sites tiers ne \nsont pas contr\u00f4l\u00e9s \u00e0 tout instant par Chromatique, et nous ne pourrons \n\u00eatre tenu responsable du contenu, des opinions ou du mat\u00e9riel disponible\n sur ces sites. Vous utilisez ces sites \u00e0 vos risques et p\u00e9rils.<br><br><strong> 3. Forum et commentaires<\/strong><br>\n Les Forums et commentaires aux chroniques et articles (entretiens, \nfocus, concerts, etc.) sont des lieux de publication et\/ou discussion \nauxquels seuls les membres ci-dessus d\u00e9finis du site Chromatique.net \npeuvent participer. Les membres sont seuls responsables des messages \nqu&rsquo;ils font parvenir au site. Le membre s&rsquo;engage \u00e0 respecter la pr\u00e9sente\n charte et les textes l\u00e9gaux en vigueur. Dans le cadre de la mod\u00e9ration \ndes forums que nous exer\u00e7ons, nous nous r\u00e9servons le droit de supprimer \ntout message \u00e0 caract\u00e8re publicitaire, raciste, haineux, diffamatoire, \ninsultant, ou constituant un appel au meurtre, et ce sans que son auteur\n n&rsquo;en soit pr\u00e9alablement averti. Les utilisateurs de ces lieux doivent \nsavoir que lorsqu&rsquo;ils d\u00e9voilent des informations nominatives (messagerie\n \u00e9lectronique, nom, adresse, &#8230;), ces informations pourront \u00eatre lues \net utilis\u00e9es par d&rsquo;autres utilisateurs.<br><br><strong> 4. Charte relative aux Atteintes aux Droits de Propri\u00e9t\u00e9 Intellectuelle et \u00e0 la Proc\u00e9dure de Notification<\/strong><br>\n 4.1 Nous ne sommes pas propri\u00e9taire des oeuvres musicales, ou \nenregistrements, ou visuels (ci-apr\u00e8s conjointement d\u00e9nomm\u00e9s le \n\u00ab\u00a0Contenu\u00a0\u00bb) mis en ligne par des tiers sur le Site. Tout \u00e9l\u00e9ment du \nContenu est envoy\u00e9 par des personnes, groupes ou soci\u00e9t\u00e9s (ci-apr\u00e8s \nconjointement d\u00e9nomm\u00e9s les \u00ab\u00a0Artistes\u00a0\u00bb) qui ont notamment garanti \u00e0 \nChromatique que le Contenu, les noms, marques de commerce et de service \nd\u00e9signant le Contenu (ci-apr\u00e8s conjointement d\u00e9nomm\u00e9s les \u00ab\u00a0Noms\u00a0\u00bb) ne \nportent nullement atteinte aux droits d&rsquo;auteur, de brevet, de marque, de\n secret de commerce ou autres droit de propri\u00e9t\u00e9 intellectuelle, et \n\u00e9galement au droit au respect de la vie priv\u00e9e ou droits moraux de \ntiers.<br><br> 4.2 Nous ne sommes pas en mesure de d&rsquo;\u00e9tablir qui a le \ndroit de revendiquer l&rsquo;utilisation de tout Contenu ou Nom particulier \nmis en ligne sur le Site. Les probl\u00e8mes aff\u00e9rents seront donc r\u00e9solus \ndirectement entre les parties all\u00e9guant l&rsquo;usage abusif de leur Contenu \net\/ou de leur Nom (ci-apr\u00e8s d\u00e9nomm\u00e9s les \u00ab\u00a0Plaignants\u00a0\u00bb) et les Artistes. \nNous recommandons aux Plaignants de notifier imm\u00e9diatement les \nall\u00e9gations d&rsquo;atteinte \u00e0 leur(s) droits(s) aux Artistes en se rendant \nsur la page de l&rsquo;Artiste figurant sur le Site, en envoyant un e-mail \u00e0 \nl&rsquo;Artiste.<br><br> 4.3 Les Plaignants nous informeront de toute \nutilisation, sur le Site, de Contenu ou Nom violant leurs droits, en \nnous fournissant toutes les informations requises ci-dessous:<br> &#8211; Nom et pr\u00e9nom du Plaignant et nom de l\u2019entit\u00e9 commerciale repr\u00e9sent\u00e9e.<br> &#8211; Adresse postale du Plaignant et, le cas \u00e9ch\u00e9ant, adresse postale de l&rsquo;entit\u00e9 repr\u00e9sent\u00e9e.<br> &#8211; Num\u00e9ro de t\u00e9l\u00e9phone auquel le Plaignant est joignable dans la journ\u00e9e.<br> &#8211; Adresse e-mail du Plaignant s\u2019il en a une.<br> &#8211; Description ou identification du Contenu et\/ou Nom pour lequel le Plaignant revendique un droit exclusif.<br> &#8211; Fondement de la revendication de propri\u00e9t\u00e9 ou de droit exclusif sur le Contenu et\/ou Nom.<br> &#8211; URL(s) d\u2019acc\u00e8s aux pages du Site o\u00f9 se trouve le Contenu et\/ou Nom.<br><br>\n Soumettez ces informations par e-mail, et envoyez-les \u00e0 l\u2019adresse \n\u00e9lectronique suivante : webmaster @ chromatique.net en indiquant comme \nobjet \u00ab Notification d&rsquo;Atteinte aux Droits \u00bb.<br><br> 4.4 Nous \nutiliserons les informations fournies par les Plaignants conform\u00e9ment \naux dispositions de notre Charte relative aux donn\u00e9es personnelles et \u00e0 \nla protection de la vie priv\u00e9e afin de transmettre les all\u00e9gations en \ncause, ce qui implique la divulgation de toute ou partie des \ninformations aux Artistes. Dans la plupart des cas, peu apr\u00e8s r\u00e9ception \nde notre part de la notification par \u00e9crit all\u00e9guant l&rsquo;atteinte nous \nchoisirons discr\u00e9tionnairement soit de retirer le Contenu et\/ou le Nom \nobjet de l&rsquo;atteinte all\u00e9gu\u00e9e sur les pages web identifi\u00e9es, soit de \nsupprimer ces pages web.<br><br> 4.5 Jusqu&rsquo;\u00e0 r\u00e9ception d&rsquo;une \nnotification \u00e9manant des Artistes et Plaignants et \u00e9tablissant le \nr\u00e8glement de leur diff\u00e9rend, nous ne permettrons pas, en connaissance de\n cause, \u00e0 quelque Artiste que ce soit, y compris au Plaignant, \nd&rsquo;adresser le Contenu et\/ou Nom dit frauduleux sur le Site. Nous serons \npr\u00eats \u00e0 coop\u00e9rer, dans des limites raisonnables, dans le cadre de \nl&rsquo;ex\u00e9cution de tout protocole d&rsquo;accord.<br><br><strong> 5. Modification des pr\u00e9sentes Conditions d&rsquo;Utilisation du Site<\/strong><br>\n Nous pouvons discr\u00e9tionnairement modifier les pr\u00e9sentes Conditions \nd&rsquo;Utilisation du Site. Dans cette hypoth\u00e8se, nous mettrons en ligne la \nversion modifi\u00e9e desdites Conditions d&rsquo;Utilisation. Ces modifications \nprendront effet \u00e0 compter de leur mise en ligne. Si vous acc\u00e9dez au Site\n apr\u00e8s leur mise en ligne, vous serez consid\u00e9r\u00e9 comme les ayant \naccept\u00e9es.<br><br><strong> 6. Respect des bonnes m\u0153urs et du cadre l\u00e9gal en vigueur<\/strong><br>\n 6.1 Vous n&rsquo;utiliserez le Site qu&rsquo;\u00e0 des fins l\u00e9gales. Vous n&rsquo;enverrez ou\n ne transmettrez pas, par le biais du Site, de contenu violant ou \nportant atteinte de quelque mani\u00e8re que ce soit aux droits de tiers ou \nde contenu contraire \u00e0 la loi, contenant des menaces, ou pouvant \u00eatre \njug\u00e9 comme abusif, diffamatoire, portant atteinte au droit \u00e0 la vie \npriv\u00e9e, grossier, obsc\u00e8ne, raciste ou r\u00e9pr\u00e9hensible, incitant \u00e0 des \nactes constitutifs d&rsquo;infractions p\u00e9nales, engageant une responsabilit\u00e9 \ncivile ou violant une loi quelle qu&rsquo;elle soit, ou contenant, sans notre \nautorisation expresse, des \u00e9l\u00e9ments publicitaires en faveur de produits \nou services.<br><br> 6.2 Nous nous r\u00e9servons le droit de vous emp\u00eacher \nd&rsquo;acc\u00e9der au Site et de prendre toute autre mesure n\u00e9cessaire \u00e0 notre \nseule discr\u00e9tion dans l&rsquo;hypoth\u00e8se o\u00f9 vous ne respecteriez pas les \ndispositions des pr\u00e9sentes Conditions d&rsquo;Utilisation.<br><br><strong> 7. Usage international<\/strong><br>\n Nous ne garantissons pas que le Contenu figurant sur le Site est \nappropri\u00e9 ou disponible pour un usage en dehors de France, et son \nutilisation est interdite dans des territoires o\u00f9 un ou plusieurs \n\u00e9l\u00e9ments qu&rsquo;il contient est ill\u00e9gal. Ceux qui acc\u00e8dent au Site \u00e0 partir \nde territoires situ\u00e9s en dehors de France le font \u00e0 leurs risques et \np\u00e9rils et sont responsables de la conformit\u00e9 de leur utilisation du Site\n au regard des lois locales.<br><br><strong> 8. Limitations de responsabilit\u00e9<\/strong><br>8.1\n En utilisant le Site, le Contenu ou les services y aff\u00e9rant, vous \nreconnaissez que Chromatique ne sera pas tenu responsable de toute perte\n ou de tout dommage de quelque nature que ce soit, survenant en dehors \nou dans le cadre de la lecture ou de l&rsquo;utilisation du Site, du Contenu \nou des services y aff\u00e9rents, que ces dommages ou pertes soient li\u00e9s \u00e0 \nune impr\u00e9cision, une erreur, une omission ou \u00e0 toute autre cause que ce \nsoit.<br><br>8.2 En outre, vous acceptez de d\u00e9fendre et indemniser \nChromatique de toute r\u00e9clamation, poursuite ou demande, notamment des \nhonoraires d&rsquo;avocats raisonnables, \u00e9manant de tiers et r\u00e9sultant ou \nsurvenant de votre utilisation du Site, du Contenu ou des services y \naff\u00e9rents, d&rsquo;une violation des droits de tiers ou de tout autre acte ou \nomission de votre part.<br><br> 8.3 En aucun cas nous ne pourrons \u00eatre \ntenu responsable des pertes financi\u00e8res ou des dommages indirects, \nsp\u00e9ciaux ou accessoires survenant du fait de votre utilisation du \nContenu, et ce m\u00eame dans l&rsquo;hypoth\u00e8se o\u00f9 nous aurions \u00e9t\u00e9 inform\u00e9 de la \npossible survenance de tels dommages.<br><br><strong> 9. Charte relative \u00e0 la protection des donn\u00e9es personnelles et \u00e0 la vie priv\u00e9e<\/strong><br> En allant sur notre site web, vous acceptez les termes et conditions de la pr\u00e9sente Charte.<br>\n Si vous n&rsquo;\u00eates pas d&rsquo;accord avec les termes de cette Charte, veuillez \nne pas fournir de Donn\u00e9es Personnelles (d\u00e9finies ci-apr\u00e8s) sur ce Site.<br><br> Si vous choisissez de ne pas fournir d\n\n\u2019Informations Personnelles sur ce site, il se peut que vous ne puissiez \npas acc\u00e9der \u00e0 certaines pages particuli\u00e8res du Site et obtenir le statut\n de membre.<br><br> Collecte des Donn\u00e9es Personnelles<br> Le terme \u00ab \nDonn\u00e9es Personnelles \u00bb utilis\u00e9 dans cet article signifie toutes donn\u00e9es \npersonnelles relatives \u00e0 votre identification, telles que votre nom, \nvotre adresse, votre identifiant ou votre adresse e-mail.<br><br> La \nfourniture de Donn\u00e9es Personnelles de votre part nous autorise \u00e0 \nutiliser ces informations conform\u00e9ment aux termes de cette D\u00e9claration, \nce qui inclut votre droit \u00e0 limiter notre utilisation de ces Donn\u00e9es \nPersonnelles.<br><br> Comment utilisons-nous vos donn\u00e9es ?<br> Lorsque \nvous fournissez des Donn\u00e9es Personnelles sur ce Site web, nous les \nutiliserons essentiellement aux fins expresses pour lesquelles elles ont\n \u00e9t\u00e9 collect\u00e9es (vous envoyer un message, vous fournir l\u2019acc\u00e8s aux pages\n r\u00e9serv\u00e9es aux membres&#8230;).<br><br> Enfin, veuillez noter que nous \npouvons c\u00e9der vos Donn\u00e9es Personnelles en cas de demande l\u00e9gale, pour \nune commission rogatoire, une assignation \u00e0 compara\u00eetre ou une d\u00e9cision \ndu tribunal.<br><br> S\u00e9curit\u00e9 des Informations<br> Toutes les \nInformations personnelles relatives \u00e0 votre identification sont soumises\n \u00e0 un acc\u00e8s restreint pour emp\u00eacher tout acc\u00e8s, toute modification non \nautoris\u00e9e ou toute mauvaise utilisation.<br><br> Conform\u00e9ment \u00e0 la Loi \nInformatique et Libert\u00e9s du 6\/01\/78, art. 27, vous disposez d&rsquo;un droit \nd&rsquo;acc\u00e8s et de rectification des informations nominatives vous \nconcernant.<br><br> Le site www.chromatique.net est d\u00e9clar\u00e9 \u00e0 la CNIL et identifi\u00e9 par le n\u00b0(info \u00e0 venir).<br><br><strong> 10. Dispositions g\u00e9n\u00e9rales<\/strong><br>\n 10.1 Vous acceptez vous conformer \u00e0 toute loi relative \u00e0 la \ntransmission de donn\u00e9es techniques export\u00e9es de France ou de votre pays \nde r\u00e9sidence. Vos correspondances, n\u00e9gociations commerciales avec des \nparties rencontr\u00e9es sur le Site ou par le biais de celui-ci, vos \nparticipations \u00e0 des promotions avec lesdites parties ou \u00e0 leurs \npromotions, notamment le paiement et la d\u00e9livrance de biens ou services,\n et toute autre condition ou garantie applicable aux dites n\u00e9gociations,\n ne sont l&rsquo;affaire que de ces parties et de vous m\u00eame.<br><br> 10.2 Les\n pr\u00e9sentes Conditions d&rsquo;Utilisation du Site seront r\u00e9gies et \ninterpr\u00e9t\u00e9es conform\u00e9ment a la loi fran\u00e7aise, et tout diff\u00e9rend relatif \naux dispositions desdites Conditions d&rsquo;Utilisation sera soumis aux \njuridictions comp\u00e9tentes de France.<br><br> 10.3 Dans l&rsquo;hypoth\u00e8se o\u00f9 \ntoute disposition des pr\u00e9sentes Conditions d&rsquo;Utilisation du Site serait \nd\u00e9clar\u00e9e non valide ou inapplicable, les autres dispositions desdites \nConditions d&rsquo;Utilisation resteront en vigueur. Toute inaction de notre \npart suite \u00e0 une violation, par vous ou toute autre personne, des \npr\u00e9sentes Conditions d&rsquo;Utilisation du Site n&#8217;emporte pas renonciation de\n notre droit \u00e0 agir contre ladite violation ou contre toute violation \nsimilaire.<\/p>\n","protected":false},"excerpt":{"rendered":"<p>Le site web Chromatique.net est \u00e9dit\u00e9 sur Internet par l&rsquo;association (loi 1901) dont la d\u00e9nomination&#8230;<\/p>\n","protected":false},"author":2,"featured_media":0,"parent":0,"menu_order":0,"comment_status":"closed","ping_status":"closed","template":"","meta":[],"acf":[],"_links":{"self":[{"href":"https:\/\/www.chromatique.net\/index.php\/wp-json\/wp\/v2\/pages\/181"}],"collection":[{"href":"https:\/\/www.chromatique.net\/index.php\/wp-json\/wp\/v2\/pages"}],"about":[{"href":"https:\/\/www.chromatique.net\/index.php\/wp-json\/wp\/v2\/types\/page"}],"author":[{"embeddable":true,"href":"https:\/\/www.chromatique.net\/index.php\/wp-json\/wp\/v2\/users\/2"}],"replies":[{"embeddable":true,"href":"https:\/\/www.chromatique.net\/index.php\/wp-json\/wp\/v2\/comments?post=181"}],"version-history":[{"count":1,"href":"https:\/\/www.chromatique.net\/index.php\/wp-json\/wp\/v2\/pages\/181\/revisions"}],"predecessor-version":[{"id":182,"href":"https:\/\/www.chromatique.net\/index.php\/wp-json\/wp\/v2\/pages\/181\/revisions\/182"}],"wp:attachment":[{"href":"https:\/\/www.chromatique.net\/index.php\/wp-json\/wp\/v2\/media?parent=181"}],"curies":[{"name":"wp","href":"https:\/\/api.w.org\/{rel}","templated":true}]}}